{"id":26915,"date":"2025-08-14T13:31:29","date_gmt":"2025-08-14T11:31:29","guid":{"rendered":"https:\/\/www.jalios.com\/fr\/?page_id=26915"},"modified":"2025-08-21T15:47:40","modified_gmt":"2025-08-21T13:47:40","slug":"rse","status":"publish","type":"page","link":"https:\/\/www.jalios.com\/fr\/ressources\/rse\/","title":{"rendered":"RSE"},"content":{"rendered":"\t\t<div data-elementor-type=\"wp-page\" data-elementor-id=\"26915\" class=\"elementor elementor-26915\" data-elementor-post-type=\"page\">\n\t\t\t\t<div class=\"elementor-element elementor-element-94e4bc0 e-flex e-con-boxed e-con e-parent\" data-id=\"94e4bc0\" data-element_type=\"container\" data-e-type=\"container\" data-settings=\"{&quot;background_background&quot;:&quot;classic&quot;}\">\n\t\t\t\t\t<div class=\"e-con-inner\">\n\t\t<div class=\"elementor-element elementor-element-b03f333 e-con-full e-flex e-con e-child\" data-id=\"b03f333\" data-element_type=\"container\" data-e-type=\"container\" data-settings=\"{&quot;motion_fx_motion_fx_scrolling&quot;:&quot;yes&quot;,&quot;motion_fx_translateY_effect&quot;:&quot;yes&quot;,&quot;motion_fx_translateY_affectedRange&quot;:{&quot;unit&quot;:&quot;%&quot;,&quot;size&quot;:&quot;&quot;,&quot;sizes&quot;:{&quot;start&quot;:50,&quot;end&quot;:100}},&quot;motion_fx_translateY_speed&quot;:{&quot;unit&quot;:&quot;px&quot;,&quot;size&quot;:4,&quot;sizes&quot;:[]},&quot;motion_fx_devices&quot;:[&quot;desktop&quot;,&quot;tablet&quot;,&quot;mobile&quot;]}\">\n\t\t\t\t<div class=\"elementor-element elementor-element-96456d6 elementor-widget elementor-widget-heading\" data-id=\"96456d6\" data-element_type=\"widget\" data-e-type=\"widget\" data-widget_type=\"heading.default\">\n\t\t\t\t<div class=\"elementor-widget-container\">\n\t\t\t\t\t<h1 class=\"elementor-heading-title elementor-size-default\">Charte d'Engagements RSE de Jalios<\/h1>\t\t\t\t<\/div>\n\t\t\t\t<\/div>\n\t\t\t\t<div class=\"elementor-element elementor-element-7ab98eb elementor-widget elementor-widget-text-editor\" data-id=\"7ab98eb\" data-element_type=\"widget\" data-e-type=\"widget\" data-widget_type=\"text-editor.default\">\n\t\t\t\t<div class=\"elementor-widget-container\">\n\t\t\t\t\t\t\t\t\t<p>Ensemble, nous construisons un avenir num\u00e9rique plus r\u00e9silient et responsable.<\/p>\t\t\t\t\t\t\t\t<\/div>\n\t\t\t\t<\/div>\n\t\t\t\t<div class=\"elementor-element elementor-element-a38bf89 elementor-align-center elementor-widget elementor-widget-button\" data-id=\"a38bf89\" data-element_type=\"widget\" data-e-type=\"widget\" data-widget_type=\"button.default\">\n\t\t\t\t<div class=\"elementor-widget-container\">\n\t\t\t\t\t\t\t\t\t<div class=\"elementor-button-wrapper\">\n\t\t\t\t\t<a class=\"elementor-button elementor-button-link elementor-size-sm\" href=\"https:\/\/www.jalios.com\/fr\/meetings\">\n\t\t\t\t\t\t<span class=\"elementor-button-content-wrapper\">\n\t\t\t\t\t\t<span class=\"elementor-button-icon\">\n\t\t\t\t<svg aria-hidden=\"true\" class=\"e-font-icon-svg e-fas-arrow-circle-right\" viewBox=\"0 0 512 512\" xmlns=\"http:\/\/www.w3.org\/2000\/svg\"><path d=\"M256 8c137 0 248 111 248 248S393 504 256 504 8 393 8 256 119 8 256 8zm-28.9 143.6l75.5 72.4H120c-13.3 0-24 10.7-24 24v16c0 13.3 10.7 24 24 24h182.6l-75.5 72.4c-9.7 9.3-9.9 24.8-.4 34.3l11 10.9c9.4 9.4 24.6 9.4 33.9 0L404.3 273c9.4-9.4 9.4-24.6 0-33.9L271.6 106.3c-9.4-9.4-24.6-9.4-33.9 0l-11 10.9c-9.5 9.6-9.3 25.1.4 34.4z\"><\/path><\/svg>\t\t\t<\/span>\n\t\t\t\t\t\t\t\t\t<span class=\"elementor-button-text\">CTA<\/span>\n\t\t\t\t\t<\/span>\n\t\t\t\t\t<\/a>\n\t\t\t\t<\/div>\n\t\t\t\t\t\t\t\t<\/div>\n\t\t\t\t<\/div>\n\t\t\t\t<\/div>\n\t\t\t\t\t<\/div>\n\t\t\t\t<\/div>\n\t\t<div class=\"elementor-element elementor-element-8abfdac e-con-full e-flex e-con e-parent\" data-id=\"8abfdac\" data-element_type=\"container\" data-e-type=\"container\" data-settings=\"{&quot;background_background&quot;:&quot;classic&quot;}\">\n\t\t<div class=\"elementor-element elementor-element-cc11758 e-flex e-con-boxed e-con e-child\" data-id=\"cc11758\" data-element_type=\"container\" data-e-type=\"container\" data-settings=\"{&quot;background_background&quot;:&quot;classic&quot;,&quot;motion_fx_motion_fx_scrolling&quot;:&quot;yes&quot;,&quot;motion_fx_opacity_effect&quot;:&quot;yes&quot;,&quot;motion_fx_opacity_range&quot;:{&quot;unit&quot;:&quot;%&quot;,&quot;size&quot;:&quot;&quot;,&quot;sizes&quot;:{&quot;start&quot;:0,&quot;end&quot;:50}},&quot;motion_fx_opacity_direction&quot;:&quot;out-in&quot;,&quot;motion_fx_opacity_level&quot;:{&quot;unit&quot;:&quot;px&quot;,&quot;size&quot;:10,&quot;sizes&quot;:[]},&quot;motion_fx_devices&quot;:[&quot;desktop&quot;,&quot;tablet&quot;,&quot;mobile&quot;]}\">\n\t\t\t\t\t<div class=\"e-con-inner\">\n\t\t\t\t<div class=\"elementor-element elementor-element-e9dae35 elementor-widget elementor-widget-text-editor\" data-id=\"e9dae35\" data-element_type=\"widget\" data-e-type=\"widget\" data-widget_type=\"text-editor.default\">\n\t\t\t\t<div class=\"elementor-widget-container\">\n\t\t\t\t\t\t\t\t\t<p>Chez Jalios, \u00e9diteur fran\u00e7ais de plateformes collaboratives, <strong>notre mission est de d\u00e9velopper des logiciels qui facilitent la communication et la collaboration, rendant ainsi les organisations plus efficaces et le travail plus \u00e9panouissant. <\/strong><\/p><p>Nous sommes engag\u00e9s depuis 2022 avec l&rsquo;adh\u00e9sion au Pacte Mondial des Nations Unies et nous reportons nos actions RSE chaque ann\u00e9e aupr\u00e8s d\u2019eux et du <a href=\"https:\/\/www.cdp.net\/\" target=\"_blank\" rel=\"noopener\">CDP<\/a> (Carbon Disclosure Project).<\/p><p>Le label Lucie NR obtenu en 2022, quant \u00e0 lui, mat\u00e9rialise notre engagement pour le <a href=\"https:\/\/www.jalios.com\/fr\/a-propos\/numerique-responsable\/\">Num\u00e9rique Responsable<\/a>, un des piliers forts de notre d\u00e9marche RSE.<\/p><p>Notre ambition pour 2030 est de devenir une ETI, leader europ\u00e9en des plateformes collaboratives en proposant une solution innovante, souveraine, s\u00e9curis\u00e9e et responsable.<\/p>\t\t\t\t\t\t\t\t<\/div>\n\t\t\t\t<\/div>\n\t\t\t\t\t<\/div>\n\t\t\t\t<\/div>\n\t\t\t\t<\/div>\n\t\t<div class=\"elementor-element elementor-element-6b9e74e e-flex e-con-boxed e-con e-parent\" data-id=\"6b9e74e\" data-element_type=\"container\" data-e-type=\"container\">\n\t\t\t\t\t<div class=\"e-con-inner\">\n\t\t<div class=\"elementor-element elementor-element-04173bf e-con-full e-flex e-con e-child\" data-id=\"04173bf\" data-element_type=\"container\" data-e-type=\"container\">\n\t\t<div class=\"elementor-element elementor-element-b32897b e-con-full e-flex e-con e-child\" data-id=\"b32897b\" data-element_type=\"container\" data-e-type=\"container\">\n\t\t\t\t<div class=\"elementor-element elementor-element-73439d8 elementor-invisible elementor-widget elementor-widget-heading\" data-id=\"73439d8\" data-element_type=\"widget\" data-e-type=\"widget\" data-settings=\"{&quot;motion_fx_motion_fx_scrolling&quot;:&quot;yes&quot;,&quot;_animation&quot;:&quot;slideInUp&quot;,&quot;motion_fx_devices&quot;:[&quot;desktop&quot;,&quot;tablet&quot;,&quot;mobile&quot;]}\" data-widget_type=\"heading.default\">\n\t\t\t\t<div class=\"elementor-widget-container\">\n\t\t\t\t\t<h2 class=\"elementor-heading-title elementor-size-default\"><span class=\"title-style1\">Une Digital Workplace \u00e9co-con\u00e7ue <\/span><span class=\"title-style2\">pour nos clients <\/span><\/h2>\t\t\t\t<\/div>\n\t\t\t\t<\/div>\n\t\t\t\t<div class=\"elementor-element elementor-element-808d1a8 with-checked-ul elementor-widget elementor-widget-text-editor\" data-id=\"808d1a8\" data-element_type=\"widget\" data-e-type=\"widget\" data-widget_type=\"text-editor.default\">\n\t\t\t\t<div class=\"elementor-widget-container\">\n\t\t\t\t\t\t\t\t\t<ul><li><strong>\u00c9co-socio-conception de notre plateforme\u00a0: <\/strong>Jalios s&rsquo;engage \u00e0 int\u00e9grer des principes d&rsquo;\u00e9co-conception dans ses solutions digitales, en visant \u00e0 r\u00e9duire l&#8217;empreinte environnementale de ses produits tout au long de leur cycle de vie.\u00a0<\/li><li><strong>Gestion responsable de ses mat\u00e9riels et infrastructures :<\/strong> Jalios participe aux campagnes annuelles de WeNR pour estimer et am\u00e9liorer l&#8217;empreinte carbone de ses syst\u00e8mes d&rsquo;information. En adoptant une approche responsable d\u00e8s la phase d&rsquo;achat, l&rsquo;entreprise s&rsquo;assure que ses \u00e9quipements sont durables et r\u00e9parables, prolongeant ainsi leur dur\u00e9e de vie utile et r\u00e9duisant l\u2019empreinte des ressources.<\/li><li><strong>Utilisation de la Digital Workplace comme moyen d\u2019appliquer le Num\u00e9rique Responsable chez nos clients\u00a0: <\/strong>Jalios influence activement ses clients en les encourageant \u00e0 adopter le Num\u00e9rique Responsable sur leurs instances de plateforme.\u00a0<\/li><\/ul>\t\t\t\t\t\t\t\t<\/div>\n\t\t\t\t<\/div>\n\t\t\t\t<\/div>\n\t\t<div class=\"elementor-element elementor-element-857134e e-con-full e-flex e-con e-child\" data-id=\"857134e\" data-element_type=\"container\" data-e-type=\"container\">\n\t\t\t\t<div class=\"elementor-element elementor-element-f168fc2 elementor-invisible elementor-widget elementor-widget-image\" data-id=\"f168fc2\" data-element_type=\"widget\" data-e-type=\"widget\" data-settings=\"{&quot;_animation&quot;:&quot;fadeIn&quot;}\" data-widget_type=\"image.default\">\n\t\t\t\t<div class=\"elementor-widget-container\">\n\t\t\t\t\t\t\t\t\t\t\t\t\t\t\t<img fetchpriority=\"high\" decoding=\"async\" width=\"720\" height=\"480\" src=\"https:\/\/www.jalios.com\/fr\/wp-content\/uploads\/2025\/08\/227.png\" class=\"attachment-large size-large wp-image-26945\" alt=\"\" srcset=\"https:\/\/www.jalios.com\/fr\/wp-content\/uploads\/2025\/08\/227.png 720w, https:\/\/www.jalios.com\/fr\/wp-content\/uploads\/2025\/08\/227-300x200.png 300w\" sizes=\"(max-width: 720px) 100vw, 720px\">\t\t\t\t\t\t\t\t\t\t\t\t\t\t\t<\/div>\n\t\t\t\t<\/div>\n\t\t\t\t<\/div>\n\t\t\t\t<\/div>\n\t\t\t\t\t<\/div>\n\t\t\t\t<\/div>\n\t\t<div class=\"elementor-element elementor-element-daa70ab e-flex e-con-boxed e-con e-parent\" data-id=\"daa70ab\" data-element_type=\"container\" data-e-type=\"container\">\n\t\t\t\t\t<div class=\"e-con-inner\">\n\t\t<div class=\"elementor-element elementor-element-7c4813c e-con-full e-flex e-con e-child\" data-id=\"7c4813c\" data-element_type=\"container\" data-e-type=\"container\">\n\t\t<div class=\"elementor-element elementor-element-b6d6bd8 e-con-full e-flex e-con e-child\" data-id=\"b6d6bd8\" data-element_type=\"container\" data-e-type=\"container\">\n\t\t\t\t<div class=\"elementor-element elementor-element-ecfe1df elementor-widget__width-initial elementor-invisible elementor-widget elementor-widget-image\" data-id=\"ecfe1df\" data-element_type=\"widget\" data-e-type=\"widget\" data-settings=\"{&quot;_animation&quot;:&quot;fadeIn&quot;}\" data-widget_type=\"image.default\">\n\t\t\t\t<div class=\"elementor-widget-container\">\n\t\t\t\t\t\t\t\t\t\t\t\t\t\t\t<img decoding=\"async\" width=\"720\" height=\"480\" src=\"https:\/\/www.jalios.com\/fr\/wp-content\/uploads\/2025\/08\/228.png\" class=\"attachment-large size-large wp-image-26943\" alt=\"\" srcset=\"https:\/\/www.jalios.com\/fr\/wp-content\/uploads\/2025\/08\/228.png 720w, https:\/\/www.jalios.com\/fr\/wp-content\/uploads\/2025\/08\/228-300x200.png 300w\" sizes=\"(max-width: 720px) 100vw, 720px\">\t\t\t\t\t\t\t\t\t\t\t\t\t\t\t<\/div>\n\t\t\t\t<\/div>\n\t\t\t\t<\/div>\n\t\t<div class=\"elementor-element elementor-element-8c8cc45 e-con-full e-flex e-con e-child\" data-id=\"8c8cc45\" data-element_type=\"container\" data-e-type=\"container\">\n\t\t\t\t<div class=\"elementor-element elementor-element-cfc4407 elementor-invisible elementor-widget elementor-widget-heading\" data-id=\"cfc4407\" data-element_type=\"widget\" data-e-type=\"widget\" data-settings=\"{&quot;motion_fx_motion_fx_scrolling&quot;:&quot;yes&quot;,&quot;_animation&quot;:&quot;slideInUp&quot;,&quot;motion_fx_devices&quot;:[&quot;desktop&quot;,&quot;tablet&quot;,&quot;mobile&quot;]}\" data-widget_type=\"heading.default\">\n\t\t\t\t<div class=\"elementor-widget-container\">\n\t\t\t\t\t<h2 class=\"elementor-heading-title elementor-size-default\"><span class=\"title-style1\">Un environnement de travail <\/span><span class=\"title-style2\"> inclusif et \u00e9panouissant<\/span><\/h2>\t\t\t\t<\/div>\n\t\t\t\t<\/div>\n\t\t\t\t<div class=\"elementor-element elementor-element-a7f7985 with-checked-ul elementor-widget elementor-widget-text-editor\" data-id=\"a7f7985\" data-element_type=\"widget\" data-e-type=\"widget\" data-widget_type=\"text-editor.default\">\n\t\t\t\t<div class=\"elementor-widget-container\">\n\t\t\t\t\t\t\t\t\t<ul><li><strong>Culture d&rsquo;Inclusion et de Diversit\u00e9<\/strong>: Jalios est une entreprise o\u00f9 la diversit\u00e9 et l&rsquo;inclusion sont au c\u0153ur de la culture d&rsquo;entreprise. Nous promouvons \u00e9galement l&rsquo;\u00e9galit\u00e9 des chances et des genres et sensibilisons nos employ\u00e9s aux enjeux genre\/handicap\/diversit\u00e9, contribuant \u00e0 un environnement de travail harmonieux et humainement riche.<\/li><li><strong>D\u00e9veloppement Professionnel<\/strong>: Des programmes de formation continue sont mis en place pour renforcer les comp\u00e9tences de nos employ\u00e9s, en particulier dans le num\u00e9rique responsable et la cybers\u00e9curit\u00e9.<\/li><li><strong>Qualit\u00e9 de Vie au Travail<\/strong> : Nous avons toujours plac\u00e9 le bien-\u00eatre des collaborateurs en priorit\u00e9 pour leur donner les meilleures conditions de travail.\u00a0<\/li><\/ul>\t\t\t\t\t\t\t\t<\/div>\n\t\t\t\t<\/div>\n\t\t\t\t<\/div>\n\t\t\t\t<\/div>\n\t\t\t\t\t<\/div>\n\t\t\t\t<\/div>\n\t\t<div class=\"elementor-element elementor-element-fcb73d5 e-flex e-con-boxed e-con e-parent\" data-id=\"fcb73d5\" data-element_type=\"container\" data-e-type=\"container\">\n\t\t\t\t\t<div class=\"e-con-inner\">\n\t\t<div class=\"elementor-element elementor-element-f73c06f e-con-full e-flex e-con e-child\" data-id=\"f73c06f\" data-element_type=\"container\" data-e-type=\"container\">\n\t\t<div class=\"elementor-element elementor-element-b7665f7 e-con-full e-flex e-con e-child\" data-id=\"b7665f7\" data-element_type=\"container\" data-e-type=\"container\">\n\t\t\t\t<div class=\"elementor-element elementor-element-7988e67 elementor-invisible elementor-widget elementor-widget-heading\" data-id=\"7988e67\" data-element_type=\"widget\" data-e-type=\"widget\" data-settings=\"{&quot;motion_fx_motion_fx_scrolling&quot;:&quot;yes&quot;,&quot;_animation&quot;:&quot;slideInUp&quot;,&quot;motion_fx_devices&quot;:[&quot;desktop&quot;,&quot;tablet&quot;,&quot;mobile&quot;]}\" data-widget_type=\"heading.default\">\n\t\t\t\t<div class=\"elementor-widget-container\">\n\t\t\t\t\t<h2 class=\"elementor-heading-title elementor-size-default\"><span class=\"title-style1\">Des partenariats <\/span><span class=\"title-style2\">durables <\/span><\/h2>\t\t\t\t<\/div>\n\t\t\t\t<\/div>\n\t\t\t\t<div class=\"elementor-element elementor-element-9d7f64a with-checked-ul elementor-widget elementor-widget-text-editor\" data-id=\"9d7f64a\" data-element_type=\"widget\" data-e-type=\"widget\" data-widget_type=\"text-editor.default\">\n\t\t\t\t<div class=\"elementor-widget-container\">\n\t\t\t\t\t\t\t\t\t<ul><li><strong>Engagement aupr\u00e8s de l\u2019\u00e9cosyst\u00e8me du Num\u00e9rique<\/strong> : Jalios s\u2019engage activement dans plusieurs organisations, associations et p\u00f4les d\u2019excellence du Num\u00e9rique, du Num\u00e9rique Responsable et de la Recherche afin d\u2019influer et participer au lobbying du secteur. Nous sommes membres cofondateurs de l\u2019association EFEL, (Entreprendre en France pour l\u2019Edition Logicielle) qui regroupe des \u00e9diteurs de logiciels.\u00a0<\/li><li><strong>Partenariats Durables<\/strong> : Jalios s&rsquo;engage \u00e0 collaborer avec des partenaires qui partagent ses valeurs de d\u00e9veloppement durable.<\/li><li><strong>Gouvernance R\u00e9siliente et \u00c9thique<\/strong> : La transparence, l&rsquo;int\u00e9grit\u00e9 et la libert\u00e9 de choix sont des valeurs fondamentales chez Jalios. Nous mettons en place des politiques strictes pour pr\u00e9venir la corruption et promouvoir des pratiques commerciales loyales, assurant ainsi une int\u00e9grit\u00e9 irr\u00e9prochable dans toutes nos interactions. Les solutions souveraines, ouvertes et s\u00e9curis\u00e9es propos\u00e9es par Jalios apportent une alternative r\u00e9siliente \u00e0 nos clients face au monde changeant.<\/li><\/ul>\t\t\t\t\t\t\t\t<\/div>\n\t\t\t\t<\/div>\n\t\t\t\t<\/div>\n\t\t<div class=\"elementor-element elementor-element-72379b2 e-con-full e-flex e-con e-child\" data-id=\"72379b2\" data-element_type=\"container\" data-e-type=\"container\">\n\t\t\t\t<div class=\"elementor-element elementor-element-b91666a elementor-invisible elementor-widget elementor-widget-image\" data-id=\"b91666a\" data-element_type=\"widget\" data-e-type=\"widget\" data-settings=\"{&quot;_animation&quot;:&quot;fadeIn&quot;}\" data-widget_type=\"image.default\">\n\t\t\t\t<div class=\"elementor-widget-container\">\n\t\t\t\t\t\t\t\t\t\t\t\t\t\t\t<img decoding=\"async\" width=\"720\" height=\"480\" src=\"https:\/\/www.jalios.com\/fr\/wp-content\/uploads\/2025\/08\/229.png\" class=\"attachment-large size-large wp-image-26944\" alt=\"\" srcset=\"https:\/\/www.jalios.com\/fr\/wp-content\/uploads\/2025\/08\/229.png 720w, https:\/\/www.jalios.com\/fr\/wp-content\/uploads\/2025\/08\/229-300x200.png 300w\" sizes=\"(max-width: 720px) 100vw, 720px\">\t\t\t\t\t\t\t\t\t\t\t\t\t\t\t<\/div>\n\t\t\t\t<\/div>\n\t\t\t\t<\/div>\n\t\t\t\t<\/div>\n\t\t\t\t\t<\/div>\n\t\t\t\t<\/div>\n\t\t<div class=\"elementor-element elementor-element-35ff1f4 e-flex e-con-boxed e-con e-parent\" data-id=\"35ff1f4\" data-element_type=\"container\" data-e-type=\"container\" data-settings=\"{&quot;background_background&quot;:&quot;classic&quot;}\">\n\t\t\t\t\t<div class=\"e-con-inner\">\n\t\t<div class=\"elementor-element elementor-element-720d645 e-con-full e-grid e-con e-child\" data-id=\"720d645\" data-element_type=\"container\" data-e-type=\"container\">\n\t\t\t\t<div class=\"elementor-element elementor-element-d5dcb12 elementor-invisible elementor-widget elementor-widget-heading\" data-id=\"d5dcb12\" data-element_type=\"widget\" data-e-type=\"widget\" data-settings=\"{&quot;motion_fx_motion_fx_scrolling&quot;:&quot;yes&quot;,&quot;_animation&quot;:&quot;slideInUp&quot;,&quot;motion_fx_devices&quot;:[&quot;desktop&quot;,&quot;tablet&quot;,&quot;mobile&quot;]}\" data-widget_type=\"heading.default\">\n\t\t\t\t<div class=\"elementor-widget-container\">\n\t\t\t\t\t<h2 class=\"elementor-heading-title elementor-size-default\"><span class=\"title-style1\">Ensemble, nous construisons un avenir num\u00e9rique plus <\/span><span class=\"title-style2\">r\u00e9silient et responsable. <\/span> <\/h2>\t\t\t\t<\/div>\n\t\t\t\t<\/div>\n\t\t<div class=\"elementor-element elementor-element-ab3c087 e-con-full e-flex e-con e-child\" data-id=\"ab3c087\" data-element_type=\"container\" data-e-type=\"container\">\n\t\t\t\t<div class=\"elementor-element elementor-element-6f2b6d9 elementor-widget elementor-widget-text-editor\" data-id=\"6f2b6d9\" data-element_type=\"widget\" data-e-type=\"widget\" data-widget_type=\"text-editor.default\">\n\t\t\t\t<div class=\"elementor-widget-container\">\n\t\t\t\t\t\t\t\t\t<p>Jalios est d\u00e9termin\u00e9 \u00e0 int\u00e9grer ces engagements dans sa strat\u00e9gie d&rsquo;entreprise pour cr\u00e9er un impact durable et positif pour ses clients, ses collaborateurs et la soci\u00e9t\u00e9.<\/p>\t\t\t\t\t\t\t\t<\/div>\n\t\t\t\t<\/div>\n\t\t<div class=\"elementor-element elementor-element-0ca6821 e-grid e-con-full e-con e-child\" data-id=\"0ca6821\" data-element_type=\"container\" data-e-type=\"container\">\n\t\t\t\t<div class=\"elementor-element elementor-element-4d36a2d elementor-widget elementor-widget-image\" data-id=\"4d36a2d\" data-element_type=\"widget\" data-e-type=\"widget\" data-widget_type=\"image.default\">\n\t\t\t\t<div class=\"elementor-widget-container\">\n\t\t\t\t\t\t\t\t\t\t\t\t\t\t\t<img loading=\"lazy\" decoding=\"async\" width=\"1145\" height=\"853\" src=\"https:\/\/www.jalios.com\/fr\/wp-content\/uploads\/2025\/08\/Logo_Pacte_Mondial-1.png\" class=\"attachment-full size-full wp-image-26917\" alt=\"\" srcset=\"https:\/\/www.jalios.com\/fr\/wp-content\/uploads\/2025\/08\/Logo_Pacte_Mondial-1.png 1145w, https:\/\/www.jalios.com\/fr\/wp-content\/uploads\/2025\/08\/Logo_Pacte_Mondial-1-300x223.png 300w, https:\/\/www.jalios.com\/fr\/wp-content\/uploads\/2025\/08\/Logo_Pacte_Mondial-1-1024x763.png 1024w, https:\/\/www.jalios.com\/fr\/wp-content\/uploads\/2025\/08\/Logo_Pacte_Mondial-1-768x572.png 768w\" sizes=\"(max-width: 1145px) 100vw, 1145px\">\t\t\t\t\t\t\t\t\t\t\t\t\t\t\t<\/div>\n\t\t\t\t<\/div>\n\t\t\t\t<div class=\"elementor-element elementor-element-c1cad4c elementor-widget elementor-widget-image\" data-id=\"c1cad4c\" data-element_type=\"widget\" data-e-type=\"widget\" data-widget_type=\"image.default\">\n\t\t\t\t<div class=\"elementor-widget-container\">\n\t\t\t\t\t\t\t\t\t\t\t\t\t\t\t<img loading=\"lazy\" decoding=\"async\" width=\"225\" height=\"225\" src=\"https:\/\/www.jalios.com\/fr\/wp-content\/uploads\/2025\/08\/images-1.png\" class=\"attachment-full size-full wp-image-26923\" alt=\"\" srcset=\"https:\/\/www.jalios.com\/fr\/wp-content\/uploads\/2025\/08\/images-1.png 225w, https:\/\/www.jalios.com\/fr\/wp-content\/uploads\/2025\/08\/images-1-150x150.png 150w\" sizes=\"(max-width: 225px) 100vw, 225px\">\t\t\t\t\t\t\t\t\t\t\t\t\t\t\t<\/div>\n\t\t\t\t<\/div>\n\t\t\t\t<div class=\"elementor-element elementor-element-e080f30 elementor-widget elementor-widget-image\" data-id=\"e080f30\" data-element_type=\"widget\" data-e-type=\"widget\" data-widget_type=\"image.default\">\n\t\t\t\t<div class=\"elementor-widget-container\">\n\t\t\t\t\t\t\t\t\t\t\t\t\t\t\t<img loading=\"lazy\" decoding=\"async\" width=\"672\" height=\"672\" src=\"https:\/\/www.jalios.com\/fr\/wp-content\/uploads\/2025\/08\/inr.png\" class=\"attachment-full size-full wp-image-26924\" alt=\"\" srcset=\"https:\/\/www.jalios.com\/fr\/wp-content\/uploads\/2025\/08\/inr.png 672w, https:\/\/www.jalios.com\/fr\/wp-content\/uploads\/2025\/08\/inr-300x300.png 300w, https:\/\/www.jalios.com\/fr\/wp-content\/uploads\/2025\/08\/inr-150x150.png 150w\" sizes=\"(max-width: 672px) 100vw, 672px\">\t\t\t\t\t\t\t\t\t\t\t\t\t\t\t<\/div>\n\t\t\t\t<\/div>\n\t\t\t\t<\/div>\n\t\t\t\t<\/div>\n\t\t\t\t<\/div>\n\t\t\t\t\t<\/div>\n\t\t\t\t<\/div>\n\t\t\t\t<\/div>\n\t\t","protected":false},"excerpt":{"rendered":"<p>Charte d&rsquo;Engagements RSE de Jalios Ensemble, nous construisons un avenir num\u00e9rique plus r\u00e9silient et responsable. CTA Chez Jalios, \u00e9diteur fran\u00e7ais de plateformes collaboratives, notre mission est de d\u00e9velopper des logiciels qui facilitent la communication et la collaboration, rendant ainsi les organisations plus efficaces et le travail plus \u00e9panouissant. Nous sommes engag\u00e9s depuis 2022 avec l&rsquo;adh\u00e9sion [&hellip;]<\/p>\n","protected":false},"author":2,"featured_media":0,"parent":1400,"menu_order":0,"comment_status":"closed","ping_status":"closed","template":"","meta":{"_acf_changed":false,"content-type":"","site-sidebar-layout":"no-sidebar","site-content-layout":"page-builder","ast-site-content-layout":"full-width-container","site-content-style":"default","site-sidebar-style":"default","ast-global-header-display":"","ast-banner-title-visibility":"","ast-main-header-display":"","ast-hfb-above-header-display":"","ast-hfb-below-header-display":"","ast-hfb-mobile-header-display":"","site-post-title":"","ast-breadcrumbs-content":"","ast-featured-img":"disabled","footer-sml-layout":"","ast-disable-related-posts":"","theme-transparent-header-meta":"","adv-header-id-meta":"","stick-header-meta":"","header-above-stick-meta":"","header-main-stick-meta":"","header-below-stick-meta":"","astra-migrate-meta-layouts":"set","ast-page-background-enabled":"default","ast-page-background-meta":{"desktop":{"background-color":"var(--ast-global-color-4)","background-image":"","background-repeat":"repeat","background-position":"center center","background-size":"auto","background-attachment":"scroll","background-type":"","background-media":"","overlay-type":"","overlay-color":"","overlay-opacity":"","overlay-gradient":""},"tablet":{"background-color":"","background-image":"","background-repeat":"repeat","background-position":"center center","background-size":"auto","background-attachment":"scroll","background-type":"","background-media":"","overlay-type":"","overlay-color":"","overlay-opacity":"","overlay-gradient":""},"mobile":{"background-color":"","background-image":"","background-repeat":"repeat","background-position":"center center","background-size":"auto","background-attachment":"scroll","background-type":"","background-media":"","overlay-type":"","overlay-color":"","overlay-opacity":"","overlay-gradient":""}},"ast-content-background-meta":{"desktop":{"background-color":"var(--ast-global-color-5)","background-image":"","background-repeat":"repeat","background-position":"center center","background-size":"auto","background-attachment":"scroll","background-type":"","background-media":"","overlay-type":"","overlay-color":"","overlay-opacity":"","overlay-gradient":""},"tablet":{"background-color":"var(--ast-global-color-5)","background-image":"","background-repeat":"repeat","background-position":"center center","background-size":"auto","background-attachment":"scroll","background-type":"","background-media":"","overlay-type":"","overlay-color":"","overlay-opacity":"","overlay-gradient":""},"mobile":{"background-color":"var(--ast-global-color-5)","background-image":"","background-repeat":"repeat","background-position":"center center","background-size":"auto","background-attachment":"scroll","background-type":"","background-media":"","overlay-type":"","overlay-color":"","overlay-opacity":"","overlay-gradient":""}},"footnotes":""},"class_list":["post-26915","page","type-page","status-publish","hentry"],"acf":[],"_links":{"self":[{"href":"https:\/\/www.jalios.com\/fr\/wp-json\/wp\/v2\/pages\/26915","targetHints":{"allow":["GET"]}}],"collection":[{"href":"https:\/\/www.jalios.com\/fr\/wp-json\/wp\/v2\/pages"}],"about":[{"href":"https:\/\/www.jalios.com\/fr\/wp-json\/wp\/v2\/types\/page"}],"author":[{"embeddable":true,"href":"https:\/\/www.jalios.com\/fr\/wp-json\/wp\/v2\/users\/2"}],"replies":[{"embeddable":true,"href":"https:\/\/www.jalios.com\/fr\/wp-json\/wp\/v2\/comments?post=26915"}],"version-history":[{"count":29,"href":"https:\/\/www.jalios.com\/fr\/wp-json\/wp\/v2\/pages\/26915\/revisions"}],"predecessor-version":[{"id":27184,"href":"https:\/\/www.jalios.com\/fr\/wp-json\/wp\/v2\/pages\/26915\/revisions\/27184"}],"up":[{"embeddable":true,"href":"https:\/\/www.jalios.com\/fr\/wp-json\/wp\/v2\/pages\/1400"}],"wp:attachment":[{"href":"https:\/\/www.jalios.com\/fr\/wp-json\/wp\/v2\/media?parent=26915"}],"curies":[{"name":"wp","href":"https:\/\/api.w.org\/{rel}","templated":true}]}}