{"id":21267,"date":"2025-01-16T09:59:54","date_gmt":"2025-01-16T08:59:54","guid":{"rendered":"https:\/\/www.jalios.com\/fr\/?page_id=21267"},"modified":"2025-07-17T14:31:32","modified_gmt":"2025-07-17T12:31:32","slug":"mentions-legales","status":"publish","type":"page","link":"https:\/\/www.jalios.com\/fr\/mentions-legales\/","title":{"rendered":"Mentions l\u00e9gales"},"content":{"rendered":"\t\t<div data-elementor-type=\"wp-page\" data-elementor-id=\"21267\" class=\"elementor elementor-21267\" data-elementor-post-type=\"page\">\n\t\t\t\t<div class=\"elementor-element elementor-element-89cd378 e-flex e-con-boxed e-con e-parent\" data-id=\"89cd378\" data-element_type=\"container\" data-e-type=\"container\">\n\t\t\t\t\t<div class=\"e-con-inner\">\n\t\t\t\t<div class=\"elementor-element elementor-element-71bf819 elementor-widget elementor-widget-heading\" data-id=\"71bf819\" data-element_type=\"widget\" data-e-type=\"widget\" data-widget_type=\"heading.default\">\n\t\t\t\t<div class=\"elementor-widget-container\">\n\t\t\t\t\t<h1 class=\"elementor-heading-title elementor-size-default\">Mentions l\u00e9gales<\/h1>\t\t\t\t<\/div>\n\t\t\t\t<\/div>\n\t\t\t\t<div class=\"elementor-element elementor-element-b175836 elementor-widget elementor-widget-heading\" data-id=\"b175836\" data-element_type=\"widget\" data-e-type=\"widget\" data-widget_type=\"heading.default\">\n\t\t\t\t<div class=\"elementor-widget-container\">\n\t\t\t\t\t<h2 class=\"elementor-heading-title elementor-size-default\">Informations sur l'\u00e9diteur du site web<\/h2>\t\t\t\t<\/div>\n\t\t\t\t<\/div>\n\t\t\t\t<div class=\"elementor-element elementor-element-7932ef8 elementor-widget elementor-widget-text-editor\" data-id=\"7932ef8\" data-element_type=\"widget\" data-e-type=\"widget\" data-widget_type=\"text-editor.default\">\n\t\t\t\t<div class=\"elementor-widget-container\">\n\t\t\t\t\t\t\t\t\t<p>Le pr\u00e9sent site est \u00e9dit\u00e9 par la soci\u00e9t\u00e9 Jalios au capital de 76.296\u20ac dont le si\u00e8ge est au 58, rue Pottier &#8211; 78150 Le Chesnay, joignable par t\u00e9l\u00e9phone au 01 39 23 92 80 ou par courrier \u00e9lectronique \u00e0 l&rsquo;adresse suivante :\u00a0<a href=\"mailto:jasmine.derons@jalios.com\">communication[at]jalios.com<\/a>.<\/p><ul><li>SIREN : 440126035<\/li><li>SIRET : 440 126 035 00029<\/li><li>APE 7112B<\/li><li>TVA intracommunautaire :\u00a0FR52 440 126 035 00029<\/li><\/ul>\t\t\t\t\t\t\t\t<\/div>\n\t\t\t\t<\/div>\n\t\t\t\t<div class=\"elementor-element elementor-element-b3cb9bf elementor-widget elementor-widget-heading\" data-id=\"b3cb9bf\" data-element_type=\"widget\" data-e-type=\"widget\" data-widget_type=\"heading.default\">\n\t\t\t\t<div class=\"elementor-widget-container\">\n\t\t\t\t\t<h2 class=\"elementor-heading-title elementor-size-default\">Informations sur l'h\u00e9bergeur<\/h2>\t\t\t\t<\/div>\n\t\t\t\t<\/div>\n\t\t\t\t<div class=\"elementor-element elementor-element-527ea35 elementor-widget elementor-widget-text-editor\" data-id=\"527ea35\" data-element_type=\"widget\" data-e-type=\"widget\" data-widget_type=\"text-editor.default\">\n\t\t\t\t<div class=\"elementor-widget-container\">\n\t\t\t\t\t\t\t\t\t<p>Le site est h\u00e9berg\u00e9 par <a href=\"https:\/\/www.alpilink.fr\/services-cloud\/\" target=\"_blank\" rel=\"noopener\">Alpilink Cloud<\/a> : Le Rayon Vert 2 rue de la Viscose 38130 Echirolles\u00a0<\/p><p>Le site est la propri\u00e9t\u00e9 exclusive de la soci\u00e9t\u00e9 Jalios. Il a \u00e9t\u00e9 con\u00e7u et r\u00e9alis\u00e9 par Jalios (maitrise d&rsquo;ouvrage et maitrise d&rsquo;oeuvre).<\/p>\t\t\t\t\t\t\t\t<\/div>\n\t\t\t\t<\/div>\n\t\t\t\t<div class=\"elementor-element elementor-element-c9691e8 elementor-widget elementor-widget-heading\" data-id=\"c9691e8\" data-element_type=\"widget\" data-e-type=\"widget\" data-widget_type=\"heading.default\">\n\t\t\t\t<div class=\"elementor-widget-container\">\n\t\t\t\t\t<h2 class=\"elementor-heading-title elementor-size-default\">Contenu du site<\/h2>\t\t\t\t<\/div>\n\t\t\t\t<\/div>\n\t\t\t\t<div class=\"elementor-element elementor-element-584889a elementor-widget elementor-widget-text-editor\" data-id=\"584889a\" data-element_type=\"widget\" data-e-type=\"widget\" data-widget_type=\"text-editor.default\">\n\t\t\t\t<div class=\"elementor-widget-container\">\n\t\t\t\t\t\t\t\t\t<p>Le site est exploit\u00e9 par la soci\u00e9t\u00e9 Jalios. Il pr\u00e9sente la soci\u00e9t\u00e9, les solutions et services propos\u00e9s, ses r\u00e9f\u00e9rences clients, ses actualit\u00e9s et ses offres d&#8217;emploi.<\/p><p>Le directeur de la publication du pr\u00e9sent site est Madame Hoang-Anh Phan, Directrice Marketing et Communication, exer\u00e7ant \u00e9galement la fonction de responsable de la r\u00e9daction.<\/p>\t\t\t\t\t\t\t\t<\/div>\n\t\t\t\t<\/div>\n\t\t\t\t<div class=\"elementor-element elementor-element-8662e65 elementor-widget elementor-widget-heading\" data-id=\"8662e65\" data-element_type=\"widget\" data-e-type=\"widget\" data-widget_type=\"heading.default\">\n\t\t\t\t<div class=\"elementor-widget-container\">\n\t\t\t\t\t<h2 class=\"elementor-heading-title elementor-size-default\">Propri\u00e9t\u00e9 intellectuelle\n<\/h2>\t\t\t\t<\/div>\n\t\t\t\t<\/div>\n\t\t\t\t<div class=\"elementor-element elementor-element-136c04d elementor-widget elementor-widget-heading\" data-id=\"136c04d\" data-element_type=\"widget\" data-e-type=\"widget\" data-widget_type=\"heading.default\">\n\t\t\t\t<div class=\"elementor-widget-container\">\n\t\t\t\t\t<h2 class=\"elementor-heading-title elementor-size-default\">Liens hypertextes<\/h2>\t\t\t\t<\/div>\n\t\t\t\t<\/div>\n\t\t\t\t<div class=\"elementor-element elementor-element-7f099a7 elementor-widget elementor-widget-text-editor\" data-id=\"7f099a7\" data-element_type=\"widget\" data-e-type=\"widget\" data-widget_type=\"text-editor.default\">\n\t\t\t\t<div class=\"elementor-widget-container\">\n\t\t\t\t\t\t\t\t\t<p class=\"section-title\"><strong>Droits d&rsquo;auteur<\/strong><\/p><p>Le Site constitue une \u0153uvre originale de la soci\u00e9t\u00e9 Jalios qui est titulaire des droits d\u2019auteur sur celle-ci, au regard des articles L111-1 et suivants du Code de la propri\u00e9t\u00e9 intellectuelle.<\/p><p>Il est rappel\u00e9 que toutes images, textes ou \u00e9l\u00e9ments graphiques contenus par le pr\u00e9sent site peuvent constituer des \u0153uvres de l\u2019esprit, b\u00e9n\u00e9ficiant ainsi de la protection au titre du droit d\u2019auteur, selon les dispositions de ce m\u00eame Code.<\/p><p>Toute repr\u00e9sentation ou reproduction, totale ou partielle, permanente ou temporaire, sur un support informatique et\/ou papier, et par quelque proc\u00e9d\u00e9 que ce soit (notamment par voie de framing), de l\u2019un ou l\u2019autre des \u00e9l\u00e9ments du site, sans l\u2019accord pr\u00e9alable et expr\u00e8s de la soci\u00e9t\u00e9 Jalios, est interdite et constitue un acte de contrefa\u00e7on, qui pourra entra\u00eener des condamnations civiles et\/ou p\u00e9nales, selon les articles L331-1 et suivants et L335-2 et suivants du Code de la propri\u00e9t\u00e9 intellectuelle, sous r\u00e9serve des exceptions mentionn\u00e9es \u00e0 l\u2019article L122-5 de ce m\u00eame Code.<\/p><p class=\"section-title\"><strong>Droit des marques<\/strong><\/p><p>Les marques de la soci\u00e9t\u00e9 Jalios, de ses fournisseurs et de ses partenaires, ainsi que les logos figurant sur le site, leur conf\u00e8rent une exclusivit\u00e9 d\u2019exploitation de ceux-ci. Toute reproduction totale ou partielle, voire imitation, de ces marques ou logos, effectu\u00e9e \u00e0 partir des \u00e9l\u00e9ments du site, sans l&rsquo;autorisation expresse de la soci\u00e9t\u00e9 Jalios, est donc prohib\u00e9e, au sens des articles L.713-2 et L.713-3 du Code de la propri\u00e9t\u00e9 intellectuelle.<\/p>\t\t\t\t\t\t\t\t<\/div>\n\t\t\t\t<\/div>\n\t\t\t\t<div class=\"elementor-element elementor-element-4d929b9 elementor-widget elementor-widget-text-editor\" data-id=\"4d929b9\" data-element_type=\"widget\" data-e-type=\"widget\" data-widget_type=\"text-editor.default\">\n\t\t\t\t<div class=\"elementor-widget-container\">\n\t\t\t\t\t\t\t\t\t<p>L\u2019\u00e9tablissement de liens hypertextes vers le site ou l\u2019un de ses \u00e9l\u00e9ments n\u00e9cessite une autorisation pr\u00e9alable et \u00e9crite de la soci\u00e9t\u00e9 Jalios.<\/p>\t\t\t\t\t\t\t\t<\/div>\n\t\t\t\t<\/div>\n\t\t\t\t<div class=\"elementor-element elementor-element-2d1a794 elementor-widget elementor-widget-heading\" data-id=\"2d1a794\" data-element_type=\"widget\" data-e-type=\"widget\" data-widget_type=\"heading.default\">\n\t\t\t\t<div class=\"elementor-widget-container\">\n\t\t\t\t\t<h2 class=\"elementor-heading-title elementor-size-default\">Protection des donn\u00e9es personnelles<\/h2>\t\t\t\t<\/div>\n\t\t\t\t<\/div>\n\t\t\t\t<div class=\"elementor-element elementor-element-7d794fc elementor-widget elementor-widget-text-editor\" data-id=\"7d794fc\" data-element_type=\"widget\" data-e-type=\"widget\" data-widget_type=\"text-editor.default\">\n\t\t\t\t<div class=\"elementor-widget-container\">\n\t\t\t\t\t\t\t\t\t<p>Voir notre <a href=\"https:\/\/www.jalios.com\/fr\/politique-de-protection-des-donnees-jalios-sa\/\">Politique de protection des donn\u00e9es.<\/a><\/p>\t\t\t\t\t\t\t\t<\/div>\n\t\t\t\t<\/div>\n\t\t\t\t<div class=\"elementor-element elementor-element-1952059 elementor-widget elementor-widget-heading\" data-id=\"1952059\" data-element_type=\"widget\" data-e-type=\"widget\" data-widget_type=\"heading.default\">\n\t\t\t\t<div class=\"elementor-widget-container\">\n\t\t\t\t\t<h2 class=\"elementor-heading-title elementor-size-default\">Informations relatives aux cookies<\/h2>\t\t\t\t<\/div>\n\t\t\t\t<\/div>\n\t\t\t\t<div class=\"elementor-element elementor-element-f8f3095 elementor-widget elementor-widget-text-editor\" data-id=\"f8f3095\" data-element_type=\"widget\" data-e-type=\"widget\" data-widget_type=\"text-editor.default\">\n\t\t\t\t<div class=\"elementor-widget-container\">\n\t\t\t\t\t\t\t\t\t<p>Voir notre <a href=\"https:\/\/www.jalios.com\/fr\/cookies\/\">Politique de pr\u00e9f\u00e9rences des cookies.<\/a><\/p>\t\t\t\t\t\t\t\t<\/div>\n\t\t\t\t<\/div>\n\t\t\t\t\t<\/div>\n\t\t\t\t<\/div>\n\t\t\t\t<\/div>\n\t\t","protected":false},"excerpt":{"rendered":"<p>Mentions l\u00e9gales Informations sur l&rsquo;\u00e9diteur du site web Le pr\u00e9sent site est \u00e9dit\u00e9 par la soci\u00e9t\u00e9 Jalios au capital de 76.296\u20ac dont le si\u00e8ge est au 58, rue Pottier &#8211; 78150 Le Chesnay, joignable par t\u00e9l\u00e9phone au 01 39 23 92 80 ou par courrier \u00e9lectronique \u00e0 l&rsquo;adresse suivante :\u00a0communication[at]jalios.com. SIREN : 440126035 SIRET : [&hellip;]<\/p>\n","protected":false},"author":2,"featured_media":0,"parent":0,"menu_order":0,"comment_status":"closed","ping_status":"closed","template":"","meta":{"_acf_changed":false,"content-type":"","site-sidebar-layout":"no-sidebar","site-content-layout":"page-builder","ast-site-content-layout":"full-width-container","site-content-style":"default","site-sidebar-style":"default","ast-global-header-display":"","ast-banner-title-visibility":"","ast-main-header-display":"","ast-hfb-above-header-display":"","ast-hfb-below-header-display":"","ast-hfb-mobile-header-display":"","site-post-title":"disabled","ast-breadcrumbs-content":"","ast-featured-img":"disabled","footer-sml-layout":"","ast-disable-related-posts":"","theme-transparent-header-meta":"","adv-header-id-meta":"","stick-header-meta":"","header-above-stick-meta":"","header-main-stick-meta":"","header-below-stick-meta":"","astra-migrate-meta-layouts":"set","ast-page-background-enabled":"default","ast-page-background-meta":{"desktop":{"background-color":"var(--ast-global-color-4)","background-image":"","background-repeat":"repeat","background-position":"center center","background-size":"auto","background-attachment":"scroll","background-type":"","background-media":"","overlay-type":"","overlay-color":"","overlay-opacity":"","overlay-gradient":""},"tablet":{"background-color":"","background-image":"","background-repeat":"repeat","background-position":"center center","background-size":"auto","background-attachment":"scroll","background-type":"","background-media":"","overlay-type":"","overlay-color":"","overlay-opacity":"","overlay-gradient":""},"mobile":{"background-color":"","background-image":"","background-repeat":"repeat","background-position":"center center","background-size":"auto","background-attachment":"scroll","background-type":"","background-media":"","overlay-type":"","overlay-color":"","overlay-opacity":"","overlay-gradient":""}},"ast-content-background-meta":{"desktop":{"background-color":"var(--ast-global-color-5)","background-image":"","background-repeat":"repeat","background-position":"center center","background-size":"auto","background-attachment":"scroll","background-type":"","background-media":"","overlay-type":"","overlay-color":"","overlay-opacity":"","overlay-gradient":""},"tablet":{"background-color":"var(--ast-global-color-5)","background-image":"","background-repeat":"repeat","background-position":"center center","background-size":"auto","background-attachment":"scroll","background-type":"","background-media":"","overlay-type":"","overlay-color":"","overlay-opacity":"","overlay-gradient":""},"mobile":{"background-color":"var(--ast-global-color-5)","background-image":"","background-repeat":"repeat","background-position":"center center","background-size":"auto","background-attachment":"scroll","background-type":"","background-media":"","overlay-type":"","overlay-color":"","overlay-opacity":"","overlay-gradient":""}},"footnotes":""},"class_list":["post-21267","page","type-page","status-publish","hentry"],"acf":[],"_links":{"self":[{"href":"https:\/\/www.jalios.com\/fr\/wp-json\/wp\/v2\/pages\/21267","targetHints":{"allow":["GET"]}}],"collection":[{"href":"https:\/\/www.jalios.com\/fr\/wp-json\/wp\/v2\/pages"}],"about":[{"href":"https:\/\/www.jalios.com\/fr\/wp-json\/wp\/v2\/types\/page"}],"author":[{"embeddable":true,"href":"https:\/\/www.jalios.com\/fr\/wp-json\/wp\/v2\/users\/2"}],"replies":[{"embeddable":true,"href":"https:\/\/www.jalios.com\/fr\/wp-json\/wp\/v2\/comments?post=21267"}],"version-history":[{"count":19,"href":"https:\/\/www.jalios.com\/fr\/wp-json\/wp\/v2\/pages\/21267\/revisions"}],"predecessor-version":[{"id":26588,"href":"https:\/\/www.jalios.com\/fr\/wp-json\/wp\/v2\/pages\/21267\/revisions\/26588"}],"wp:attachment":[{"href":"https:\/\/www.jalios.com\/fr\/wp-json\/wp\/v2\/media?parent=21267"}],"curies":[{"name":"wp","href":"https:\/\/api.w.org\/{rel}","templated":true}]}}